{"id":73313,"date":"2024-11-25T08:17:22","date_gmt":"2024-11-25T08:17:22","guid":{"rendered":"https:\/\/www.twinscience.com\/?page_id=73313"},"modified":"2025-06-03T18:16:00","modified_gmt":"2025-06-03T18:16:00","slug":"modules","status":"publish","type":"page","link":"https:\/\/www.twinscience.com\/en\/modules\/","title":{"rendered":"Modules"},"content":{"rendered":"<p>[et_pb_section fb_built=&#8221;1&#8243; _builder_version=&#8221;4.27.3&#8243; _module_preset=&#8221;default&#8221; global_colors_info=&#8221;{}&#8221;][et_pb_row _builder_version=&#8221;4.27.3&#8243; _module_preset=&#8221;default&#8221; global_colors_info=&#8221;{}&#8221;][et_pb_column type=&#8221;4_4&#8243; _builder_version=&#8221;4.27.3&#8243; _module_preset=&#8221;default&#8221; hover_enabled=&#8221;0&#8243; global_colors_info=&#8221;{}&#8221; sticky_enabled=&#8221;0&#8243;][dipl_tabs tab_orientation=&#8221;vertical&#8221; icon_color=&#8221;#FD9208&#8243; active_tab_icon_color=&#8221;#17A4AE&#8221; _builder_version=&#8221;4.27.4&#8243; _module_preset=&#8221;default&#8221; hover_enabled=&#8221;0&#8243; global_colors_info=&#8221;{}&#8221; sticky_enabled=&#8221;0&#8243;][dipl_tabs_item title_type=&#8221;text_icon&#8221; title=&#8221;Power Module&#8221; icon=&#8221;&#xf242;||fa||900&#8243; icon_color=&#8221;#FFFFFF&#8221; active_tab_icon_color=&#8221;#FFFFFF&#8221; _builder_version=&#8221;4.27.4&#8243; _module_preset=&#8221;default&#8221; title_font=&#8221;|700|||||||&#8221; body_text_text_color=&#8221;#FFFFFF&#8221; button_alignment=&#8221;right&#8221; hover_enabled=&#8221;0&#8243; global_colors_info=&#8221;{}&#8221; sticky_enabled=&#8221;0&#8243;]<\/p>\n<div style=\"width: 100%; max-width: 100%; overflow: hidden;\">\n<p><iframe src=\"https:\/\/www.youtube.com\/embed\/eu9YzgQ-wQ0\" frameborder=\"0\" allowfullscreen=\"\" style=\"width: 100%; height: 500px; display: block;\"><\/p>\n<p><\/iframe><br \/><img decoding=\"async\" src=\"\/wp-content\/uploads\/2024\/11\/gri-guc-modulu-1_Page_1-300x169.jpg\" alt=\"Gri G\u00fc\u00e7 Mod\u00fcl\u00fc Sayfa 1\" style=\"width: 100%; height: auto; margin-top: 20px; display: block;\" \/><br \/><img decoding=\"async\" src=\"\/wp-content\/uploads\/2024\/11\/gri-guc-modulu-1_Page_2-300x169.jpg\" alt=\"Gri G\u00fc\u00e7 Mod\u00fcl\u00fc Sayfa 2\" style=\"width: 100%; height: auto; margin-top: 20px; display: block;\" \/><\/p>\n<\/div>\n<p>[\/dipl_tabs_item][dipl_tabs_item content_type=&#8221;dipl_content_layout&#8221; select_content_layout=&#8221;73124&#8243; title=&#8221;Coding Module&#8221; tab_background_color=&#8221;#54a0ff&#8221; _builder_version=&#8221;4.27.4&#8243; _module_preset=&#8221;default&#8221; title_text_color=&#8221;#FFFFFF&#8221; title_font=&#8221;|700|||||||&#8221; hover_enabled=&#8221;0&#8243; global_colors_info=&#8221;{}&#8221; sticky_enabled=&#8221;0&#8243;][\/dipl_tabs_item][dipl_tabs_item content_type=&#8221;dipl_content_layout&#8221; select_content_layout=&#8221;73124&#8243; title=&#8221;Ultrasonic Sensor&#8221; tab_background_color=&#8221;#54a0ff&#8221; _builder_version=&#8221;4.27.4&#8243; _module_preset=&#8221;default&#8221; title_text_color=&#8221;#FFFFFF&#8221; title_font=&#8221;|700|||||||&#8221; hover_enabled=&#8221;0&#8243; global_colors_info=&#8221;{}&#8221; sticky_enabled=&#8221;0&#8243;][\/dipl_tabs_item][dipl_tabs_item content_type=&#8221;dipl_content_layout&#8221; select_content_layout=&#8221;73339&#8243; title=&#8221;Button&#8221; tab_background_color=&#8221;#ffc700&#8243; _builder_version=&#8221;4.27.4&#8243; _module_preset=&#8221;default&#8221; title_text_color=&#8221;#FFFFFF&#8221; title_font=&#8221;|700|||||||&#8221; hover_enabled=&#8221;0&#8243; global_colors_info=&#8221;{}&#8221; sticky_enabled=&#8221;0&#8243;][\/dipl_tabs_item][\/dipl_tabs][\/et_pb_column][\/et_pb_row][\/et_pb_section]<\/p>\n","protected":false},"excerpt":{"rendered":"<p><div class=\"et_pb_module dipl_tabs dipl_tabs_0\">\n\t\t\t\t\n\t\t\t\t\n\t\t\t\t\n\t\t\t\t\n\t\t\t\t\n\t\t\t\t\n\t\t\t\t<div class=\"et_pb_module_inner\">\n\t\t\t\t\t<div class=\"dipl_tab_wrapper\" data-trigger=\"hover\">\t\t\t\t\r\n\t\t\t\t<div class=\"dipl_tabs_controls\">\r\n\t\t\t\t\t\r\n\t\t\t\t<\/div>\r\n\t\t\t\t<div class=\"dipl_tabs_content\">\r\n\t\t\t\t\t\r\n\t\t\t\t<\/div>\r\n\t\t\t<\/div>\n\t\t\t\t<\/div>\n\t\t\t<\/div><div class=\"et_pb_module dipl_tabs_item dipl_tabs_item_0 dipl_active_tab_content\">\n\t\t\t\t\n\t\t\t\t\n\t\t\t\t\n\t\t\t\t\n\t\t\t\t\n\t\t\t\t\n\t\t\t\t<div class=\"et_pb_module_inner\">\n\t\t\t\t\t<div class=\"dipl_single_tab_content\">\r\n\t\t\t\t\t<div class=\"dipl_tab_desc\">\r\n\t\t\t\t<div> <\/div>\r\n\t\t\t\t<\/div>\r\n\t\t\t\t\r\n\t\t\t<\/div>\n\t\t\t\t<\/div>\n\t\t\t<\/div><div class=\"et_pb_module dipl_tabs_item dipl_tabs_item_1\">\n\t\t\t\t\n\t\t\t\t\n\t\t\t\t\n\t\t\t\t\n\t\t\t\t\n\t\t\t\t\n\t\t\t\t<div class=\"et_pb_module_inner\">\n\t\t\t\t\t<div class=\"dipl_single_tab_content\">\r\n\t\t\t\t\t<div class=\"et_pb_row et_pb_row_0\">\n\t\t\t\t<div class=\"et_pb_column et_pb_column_4_4 et_pb_column_0  et_pb_css_mix_blend_mode_passthrough et-last-child\">\n\t\t\t\t\n\t\t\t\t\n\t\t\t\t\n\t\t\t\t\n\t\t\t\t<div class=\"et_pb_module et_pb_text et_pb_text_0  et_pb_text_align_center et_pb_bg_layout_light\">\n\t\t\t\t\n\t\t\t\t\n\t\t\t\t\n\t\t\t\t\n\t\t\t\t<div class=\"et_pb_text_inner\"><h2 style=\"text-align: center;\">Modules and Components<\/h2><\/div>\n\t\t\t<\/div><div class=\"et_pb_module et_pb_text et_pb_text_1  et_pb_text_align_center et_pb_bg_layout_dark\">\n\t\t\t\t\n\t\t\t\t\n\t\t\t\t\n\t\t\t\t\n\t\t\t\t<div class=\"et_pb_text_inner\"><p>A total of 44 components, featuring 18 electronic Twin modules.<\/p><\/div>\n\t\t\t<\/div>\n\t\t\t<\/div>\n\t\t\t\t\n\t\t\t\t\n\t\t\t\t\n\t\t\t\t\n\t\t\t<\/div>\r\n\t\t\t<\/div>\n\t\t\t\t<\/div>\n\t\t\t<\/div><div class=\"et_pb_module dipl_tabs_item dipl_tabs_item_2\">\n\t\t\t\t\n\t\t\t\t\n\t\t\t\t\n\t\t\t\t\n\t\t\t\t\n\t\t\t\t\n\t\t\t\t<div class=\"et_pb_module_inner\">\n\t\t\t\t\t<div class=\"dipl_single_tab_content\">\r\n\t\t\t\t\t<div class=\"et_pb_row et_pb_row_1\">\n\t\t\t\t<div class=\"et_pb_column et_pb_column_4_4 et_pb_column_1  et_pb_css_mix_blend_mode_passthrough et-last-child\">\n\t\t\t\t\n\t\t\t\t\n\t\t\t\t\n\t\t\t\t\n\t\t\t\t<div class=\"et_pb_module et_pb_text et_pb_text_2  et_pb_text_align_center et_pb_bg_layout_light\">\n\t\t\t\t\n\t\t\t\t\n\t\t\t\t\n\t\t\t\t\n\t\t\t\t<div class=\"et_pb_text_inner\"><h2 style=\"text-align: center;\">Modules and Components<\/h2><\/div>\n\t\t\t<\/div><div class=\"et_pb_module et_pb_text et_pb_text_3  et_pb_text_align_center et_pb_bg_layout_dark\">\n\t\t\t\t\n\t\t\t\t\n\t\t\t\t\n\t\t\t\t\n\t\t\t\t<div class=\"et_pb_text_inner\"><p>A total of 44 components, featuring 18 electronic Twin modules.<\/p><\/div>\n\t\t\t<\/div>\n\t\t\t<\/div>\n\t\t\t\t\n\t\t\t\t\n\t\t\t\t\n\t\t\t\t\n\t\t\t<\/div>\r\n\t\t\t<\/div>\n\t\t\t\t<\/div>\n\t\t\t<\/div><div class=\"et_pb_module dipl_tabs_item dipl_tabs_item_3\">\n\t\t\t\t\n\t\t\t\t\n\t\t\t\t\n\t\t\t\t\n\t\t\t\t\n\t\t\t\t\n\t\t\t\t<div class=\"et_pb_module_inner\">\n\t\t\t\t\t<div class=\"dipl_single_tab_content\">\r\n\t\t\t\t\t\r\n\t\t\t<\/div>\n\t\t\t\t<\/div>\n\t\t\t<\/div><\/p>\n","protected":false},"author":1,"featured_media":0,"parent":0,"menu_order":0,"comment_status":"closed","ping_status":"closed","template":"","meta":{"_et_pb_use_builder":"on","_et_pb_old_content":"","_et_gb_content_width":"","footnotes":""},"class_list":["post-73313","page","type-page","status-publish","hentry"],"_links":{"self":[{"href":"https:\/\/www.twinscience.com\/en\/wp-json\/wp\/v2\/pages\/73313","targetHints":{"allow":["GET"]}}],"collection":[{"href":"https:\/\/www.twinscience.com\/en\/wp-json\/wp\/v2\/pages"}],"about":[{"href":"https:\/\/www.twinscience.com\/en\/wp-json\/wp\/v2\/types\/page"}],"author":[{"embeddable":true,"href":"https:\/\/www.twinscience.com\/en\/wp-json\/wp\/v2\/users\/1"}],"replies":[{"embeddable":true,"href":"https:\/\/www.twinscience.com\/en\/wp-json\/wp\/v2\/comments?post=73313"}],"version-history":[{"count":9,"href":"https:\/\/www.twinscience.com\/en\/wp-json\/wp\/v2\/pages\/73313\/revisions"}],"predecessor-version":[{"id":74272,"href":"https:\/\/www.twinscience.com\/en\/wp-json\/wp\/v2\/pages\/73313\/revisions\/74272"}],"wp:attachment":[{"href":"https:\/\/www.twinscience.com\/en\/wp-json\/wp\/v2\/media?parent=73313"}],"curies":[{"name":"wp","href":"https:\/\/api.w.org\/{rel}","templated":true}]}}