{"id":71364,"date":"2024-09-25T13:27:10","date_gmt":"2024-09-25T13:27:10","guid":{"rendered":"https:\/\/www.twinscience.com\/sikca-sorulan-sorular\/"},"modified":"2025-07-29T20:14:34","modified_gmt":"2025-07-29T20:14:34","slug":"sss","status":"publish","type":"page","link":"https:\/\/www.twinscience.com\/tr\/sss\/","title":{"rendered":"S\u0131k\u00e7a Sorulan Sorular"},"content":{"rendered":"<p>[et_pb_section fb_built=&#8221;1&#8243; custom_padding_last_edited=&#8221;off|desktop&#8221; admin_label=&#8221;DLE Hero Section 26&#8243; _builder_version=&#8221;4.27.3&#8243; _module_preset=&#8221;default&#8221; background_color=&#8221;#f5f5f7&#8243; custom_margin_last_edited=&#8221;off|desktop&#8221; custom_padding=&#8221;100px||100px||true|false&#8221; global_colors_info=&#8221;{}&#8221; custom_padding__hover_enabled=&#8221;off|desktop&#8221;][et_pb_row _builder_version=&#8221;4.27.3&#8243; _module_preset=&#8221;default&#8221; max_width=&#8221;676px&#8221; module_alignment=&#8221;center&#8221; custom_margin=&#8221;|auto|-2px|auto||&#8221; custom_padding=&#8221;0px||||false|false&#8221; global_colors_info=&#8221;{}&#8221;][et_pb_column type=&#8221;4_4&#8243; _builder_version=&#8221;4.16&#8243; _module_preset=&#8221;a4fb0fdd-313b-4d3d-b1ce-106938c3d460&#8243; global_colors_info=&#8221;{}&#8221;][et_pb_heading title=&#8221;SIK\u00c7A SORULAN SORULAR&#8221; _builder_version=&#8221;4.27.3&#8243; _module_preset=&#8221;default&#8221; title_text_align=&#8221;center&#8221; title_text_color=&#8221;#333333&#8243; title_font_size_tablet=&#8221;&#8221; title_font_size_phone=&#8221;35px&#8221; title_font_size_last_edited=&#8221;on|phone&#8221; global_colors_info=&#8221;{}&#8221;][\/et_pb_heading][et_pb_text admin_label=&#8221;Content&#8221; _builder_version=&#8221;4.27.4&#8243; _module_preset=&#8221;default&#8221; text_orientation=&#8221;center&#8221; width_tablet=&#8221;&#8221; width_phone=&#8221;&#8221; width_last_edited=&#8221;on|desktop&#8221; module_alignment=&#8221;center&#8221; hover_enabled=&#8221;0&#8243; locked=&#8221;off&#8221; global_colors_info=&#8221;{}&#8221; sticky_enabled=&#8221;0&#8243;]<\/p>\n<p>A\u015fa\u011f\u0131da s\u0131k\u00e7a sorulan sorular\u0131 ke\u015ffedin veya ayr\u0131nt\u0131l\u0131 sorular i\u00e7in e\u011fitimci toplulu\u011fumuzla ba\u011flant\u0131 kurun.<\/p>\n<p>[\/et_pb_text][et_pb_button button_url=&#8221;https:\/\/topluluk.twinscience.com\/&#8221; button_text=&#8221;Forumda sorun&#8221; button_alignment=&#8221;center&#8221; _builder_version=&#8221;4.27.3&#8243; _module_preset=&#8221;default&#8221; custom_button=&#8221;on&#8221; button_text_color=&#8221;#000000&#8243; button_bg_color=&#8221;RGBA(255,255,255,0)&#8221; button_font=&#8221;||||on||||&#8221; button_icon=&#8221;&#x35;||divi||400&#8243; button_on_hover=&#8221;off&#8221; global_colors_info=&#8221;{}&#8221;][\/et_pb_button][\/et_pb_column][\/et_pb_row][\/et_pb_section]<\/p>\n","protected":false},"excerpt":{"rendered":"<p>E\u011fitim i\u00e7eriklerimiz, interaktif ara\u00e7lar\u0131m\u0131z ve STEM \u00e7\u00f6z\u00fcmlerimiz hakk\u0131nda detayl\u0131 bilgi edinin.<\/p>\n","protected":false},"author":4,"featured_media":73266,"parent":0,"menu_order":0,"comment_status":"closed","ping_status":"closed","template":"","meta":{"_et_pb_use_builder":"on","_et_pb_old_content":"","_et_gb_content_width":"","footnotes":""},"class_list":["post-71364","page","type-page","status-publish","has-post-thumbnail","hentry"],"_links":{"self":[{"href":"https:\/\/www.twinscience.com\/tr\/wp-json\/wp\/v2\/pages\/71364","targetHints":{"allow":["GET"]}}],"collection":[{"href":"https:\/\/www.twinscience.com\/tr\/wp-json\/wp\/v2\/pages"}],"about":[{"href":"https:\/\/www.twinscience.com\/tr\/wp-json\/wp\/v2\/types\/page"}],"author":[{"embeddable":true,"href":"https:\/\/www.twinscience.com\/tr\/wp-json\/wp\/v2\/users\/4"}],"replies":[{"embeddable":true,"href":"https:\/\/www.twinscience.com\/tr\/wp-json\/wp\/v2\/comments?post=71364"}],"version-history":[{"count":0,"href":"https:\/\/www.twinscience.com\/tr\/wp-json\/wp\/v2\/pages\/71364\/revisions"}],"wp:featuredmedia":[{"embeddable":true,"href":"https:\/\/www.twinscience.com\/tr\/wp-json\/wp\/v2\/media\/73266"}],"wp:attachment":[{"href":"https:\/\/www.twinscience.com\/tr\/wp-json\/wp\/v2\/media?parent=71364"}],"curies":[{"name":"wp","href":"https:\/\/api.w.org\/{rel}","templated":true}]}}