{"id":71375,"date":"2024-11-11T13:08:41","date_gmt":"2024-11-11T13:08:41","guid":{"rendered":"https:\/\/www.twinscience.com\/fiyatlandirma\/"},"modified":"2024-11-26T17:43:48","modified_gmt":"2024-11-26T17:43:48","slug":"fiyatlandirma","status":"publish","type":"page","link":"https:\/\/www.twinscience.com\/tr\/fiyatlandirma\/","title":{"rendered":"Fiyatland\u0131rma"},"content":{"rendered":"<p>[et_pb_section fb_built=&#8221;1&#8243; admin_label=&#8221;section&#8221; _builder_version=&#8221;4.16&#8243; global_colors_info=&#8221;{}&#8221; custom_padding=&#8221;||7px|||&#8221;][et_pb_row admin_label=&#8221;row&#8221; _builder_version=&#8221;4.16&#8243; background_size=&#8221;initial&#8221; background_position=&#8221;top_left&#8221; background_repeat=&#8221;repeat&#8221; global_colors_info=&#8221;{}&#8221; custom_padding=&#8221;5px|||||&#8221;][et_pb_column type=&#8221;4_4&#8243; _builder_version=&#8221;4.16&#8243; custom_padding=&#8221;|||&#8221; global_colors_info=&#8221;{}&#8221; custom_padding__hover=&#8221;|||&#8221;][et_pb_image src=&#8221;\/wp-content\/uploads\/2024\/11\/1-e1732614879877.png&#8221; _builder_version=&#8221;4.27.3&#8243; _module_preset=&#8221;default&#8221; hover_enabled=&#8221;0&#8243; sticky_enabled=&#8221;0&#8243; title_text=&#8221;twinschool logo&#8221; align=&#8221;center&#8221;][\/et_pb_image][et_pb_text admin_label=&#8221;Text&#8221; _builder_version=&#8221;4.27.3&#8243; background_size=&#8221;initial&#8221; background_position=&#8221;top_left&#8221; background_repeat=&#8221;repeat&#8221; hover_enabled=&#8221;0&#8243; global_colors_info=&#8221;{}&#8221; sticky_enabled=&#8221;0&#8243; custom_margin=&#8221;-27px||1px|||&#8221;]<\/p>\n<h3 style=\"text-align: center;\"><span style=\"color: #333333;\">E\u011fitimcilerin S\u00fcper G\u00fcc\u00fc<\/span><\/h3>\n<p>[\/et_pb_text][et_pb_text admin_label=&#8221;Text&#8221; _builder_version=&#8221;4.27.3&#8243; background_size=&#8221;initial&#8221; background_position=&#8221;top_left&#8221; background_repeat=&#8221;repeat&#8221; hover_enabled=&#8221;0&#8243; global_colors_info=&#8221;{}&#8221; sticky_enabled=&#8221;0&#8243;]<\/p>\n<p style=\"text-align: center;\"><span style=\"color: #333333;\">Twin\u2019in d\u00fcnyan\u0131n d\u00f6rt bir taraf\u0131nda e\u011fitimcilerin severek kulland\u0131\u011f\u0131n\u0131 biliyor muydunuz? M\u00fcfredatla uyumlu haz\u0131r ders i\u00e7eriklerini kullan\u0131n, tek t\u0131kla kendi program\u0131n\u0131z\u0131 haz\u0131rlay\u0131n ve kullan\u0131m\u0131 kolay interaktif ara\u00e7larla e\u011fitim d\u00f6nemine haz\u0131r olun!  <\/span><\/p>\n<p>[\/et_pb_text][et_pb_button button_text=&#8221;Demo Talep Et&#8221; _builder_version=&#8221;4.27.3&#8243; _module_preset=&#8221;default&#8221; button_alignment=&#8221;center&#8221; hover_enabled=&#8221;0&#8243; sticky_enabled=&#8221;0&#8243;][\/et_pb_button][\/et_pb_column][\/et_pb_row][\/et_pb_section][et_pb_section fb_built=&#8221;1&#8243; admin_label=&#8221;DLE Pricing Table 104&#8243; _builder_version=&#8221;4.27.0&#8243; _module_preset=&#8221;default&#8221; collapsed=&#8221;off&#8221; global_colors_info=&#8221;{}&#8221; theme_builder_area=&#8221;post_content&#8221; custom_padding=&#8221;0px||2px|||&#8221;][et_pb_row column_structure=&#8221;1_2,1_2&#8243; use_custom_gutter=&#8221;on&#8221; gutter_width=&#8221;2&#8243; _builder_version=&#8221;4.27.3&#8243; _module_preset=&#8221;default&#8221; custom_padding=&#8221;||||false|false&#8221; hover_enabled=&#8221;0&#8243; custom_css_main_element=&#8221;display: flex;||align-items: center;||flex-wrap: wrap;&#8221; global_colors_info=&#8221;{}&#8221; theme_builder_area=&#8221;post_content&#8221; sticky_enabled=&#8221;0&#8243;][et_pb_column type=&#8221;1_2&#8243; _builder_version=&#8221;4.27.3&#8243; _module_preset=&#8221;default&#8221; background_color=&#8221;#B3B3B3&#8243; overflow-x=&#8221;visible&#8221; overflow-y=&#8221;visible&#8221; custom_padding=&#8221;40px||40px||true|false&#8221; hover_enabled=&#8221;0&#8243; border_radii=&#8221;on|20px|20px|20px|20px&#8221; global_colors_info=&#8221;{}&#8221; theme_builder_area=&#8221;post_content&#8221; sticky_enabled=&#8221;0&#8243;][et_pb_code _builder_version=&#8221;4.27.2&#8243; _module_preset=&#8221;default&#8221; custom_margin=&#8221;||0px||false|false&#8221; global_colors_info=&#8221;{}&#8221; theme_builder_area=&#8221;post_content&#8221;]<\/p>\n<style><!-- [et_pb_line_break_holder] -->.dle-pt-104 .et_pb_pricing li span:before {<!-- [et_pb_line_break_holder] -->    border: none;<!-- [et_pb_line_break_holder] -->    content: 'e052';<!-- [et_pb_line_break_holder] -->    font-family: ETmodules;<!-- [et_pb_line_break_holder] -->    left: -20px;<!-- [et_pb_line_break_holder] -->    position: absolute;<!-- [et_pb_line_break_holder] -->    top: 0;<!-- [et_pb_line_break_holder] -->}<!-- [et_pb_line_break_holder] -->  .dle-pt-104 .et_pb_pricing li.et_pb_not_available span:before {<!-- [et_pb_line_break_holder] -->    content: 'e051' !important;<!-- [et_pb_line_break_holder] -->}<!-- [et_pb_line_break_holder] --><\/style>\n<p>[\/et_pb_code][et_pb_image src=&#8221;\/wp-content\/uploads\/2024\/11\/3-1.png&#8221; _builder_version=&#8221;4.27.3&#8243; _module_preset=&#8221;default&#8221; theme_builder_area=&#8221;post_content&#8221; title_text=&#8221;3&#8243; hover_enabled=&#8221;0&#8243; sticky_enabled=&#8221;0&#8243; align=&#8221;center&#8221;][\/et_pb_image][et_pb_pricing_tables header_background_color=&#8221;#B3B3B3&#8243; admin_label=&#8221;Advance&#8221; module_class=&#8221;dle-pt-104&#8243; _builder_version=&#8221;4.27.3&#8243; _module_preset=&#8221;default&#8221; currency_frequency_text_color=&#8221;#FFFFFF&#8221; price_text_color=&#8221;#FFFFFF&#8221; subheader_text_color=&#8221;#FFFFFF&#8221; body_text_color=&#8221;#FFFFFF&#8221; header_text_color=&#8221;#FFFFFF&#8221; header_font=&#8221;|600|||||||&#8221; header_font_size=&#8221;36px&#8221; subheader_font_size=&#8221;18px&#8221; subheader_letter_spacing=&#8221;1px&#8221; subheader_line_height=&#8221;1.3em&#8221; price_font=&#8221;|700|||||||&#8221; price_font_size=&#8221;60px&#8221; custom_button=&#8221;on&#8221; button_text_color=&#8221;#000000&#8243; button_bg_color=&#8221;#FFFFFF&#8221; button_border_width=&#8221;0px&#8221; button_border_radius=&#8221;50px&#8221; button_letter_spacing=&#8221;1px&#8221; button_font=&#8221;||||||||&#8221; button_use_icon=&#8221;off&#8221; button_custom_margin=&#8221;20px||||false|false&#8221; button_custom_padding=&#8221;10px|40px|10px|40px|true|true&#8221; button_custom_padding_tablet=&#8221;10px|30px|10px|30px|true|true&#8221; button_custom_padding_phone=&#8221;8px||8px||true|true&#8221; button_custom_padding_last_edited=&#8221;on|phone&#8221; text_orientation=&#8221;center&#8221; custom_padding=&#8221;10px|30px|10px|30px|false|true&#8221; custom_padding_tablet=&#8221;10px|30px|10px|30px|false|true&#8221; custom_padding_phone=&#8221;8px|20px|8px|20px|true|true&#8221; custom_padding_last_edited=&#8221;on|phone&#8221; hover_enabled=&#8221;0&#8243; header_font_size_tablet=&#8221;30px&#8221; header_font_size_phone=&#8221;26px&#8221; header_font_size_last_edited=&#8221;on|phone&#8221; price_font_size_tablet=&#8221;50px&#8221; price_font_size_phone=&#8221;40px&#8221; price_font_size_last_edited=&#8221;on|phone&#8221; custom_css_pricing_heading=&#8221;margin-bottom: 10px;||box-shadow: 0 0 18px 2px rgba(0, 0, 0, 0.04);&#8221; custom_css_pricing_subtitle=&#8221;padding-bottom: 10px;&#8221; custom_css_pricing_top=&#8221;border-bottom: 0px;&#8221; border_width_all=&#8221;0px&#8221; locked=&#8221;off&#8221; global_colors_info=&#8221;{}&#8221; button_bg_color__hover_enabled=&#8221;on|hover&#8221; button_bg_color__hover=&#8221;#212121&#8243; button_bg_enable_color__hover=&#8221;on&#8221; button_text_color__hover_enabled=&#8221;on|desktop&#8221; button_text_color__hover=&#8221;#FFFFFF&#8221; theme_builder_area=&#8221;post_content&#8221; sticky_enabled=&#8221;0&#8243; show_bullet=&#8221;off&#8221; body_line_height=&#8221;1em&#8221;][et_pb_pricing_table subtitle=&#8221;E\u011fitim teknolojileriyle yeni tan\u0131\u015fan e\u011fitimciler i\u00e7in&#8221; button_url=&#8221;#&#8221; _builder_version=&#8221;4.27.3&#8243; _module_preset=&#8221;default&#8221; background_color=&#8221;rgba(255,255,255,0)&#8221; background_enable_color=&#8221;on&#8221; background_color_gradient_start=&#8221;#ffffff&#8221; background_color_gradient_end=&#8221;rgba(224,43,32,0.2)&#8221; background_enable_image=&#8221;off&#8221; hover_enabled=&#8221;0&#8243; global_colors_info=&#8221;{}&#8221; custom_css_pricing_button_last_edited=&#8221;on|phone&#8221; sticky_transition=&#8221;on&#8221; theme_builder_area=&#8221;post_content&#8221; sticky_enabled=&#8221;0&#8243;]<\/p>\n<p>S\u0131n\u0131rl\u0131 Twin K\u00fct\u00fcphanesi Eri\u015fimi<br \/>S\u0131n\u0131rl\u0131 Yapay Zeka \u0130\u00e7eri\u011fi Olu\u015fturma<br \/>Standart \u00d6\u011frenci Raporlar\u0131<br \/>Yapay Zeka Asistan\u0131<br \/>Twin \u00d6\u011fretmen Toplulu\u011fu<\/p>\n<p>[\/et_pb_pricing_table][\/et_pb_pricing_tables][\/et_pb_column][et_pb_column type=&#8221;1_2&#8243; _builder_version=&#8221;4.27.3&#8243; _module_preset=&#8221;default&#8221; background_color=&#8221;#8B00FF&#8221; z_index=&#8221;1&#8243; overflow-x=&#8221;visible&#8221; overflow-y=&#8221;visible&#8221; custom_padding=&#8221;40px||40px||true|false&#8221; custom_padding_tablet=&#8221;||||false|false&#8221; custom_padding_phone=&#8221;||||false|false&#8221; custom_padding_last_edited=&#8221;on|phone&#8221; hover_enabled=&#8221;0&#8243; border_radii=&#8221;on|20px|20px|20px|20px&#8221; global_colors_info=&#8221;{}&#8221; theme_builder_area=&#8221;post_content&#8221; sticky_enabled=&#8221;0&#8243;][et_pb_image src=&#8221;\/wp-content\/uploads\/2024\/11\/2-2.png&#8221; _builder_version=&#8221;4.27.3&#8243; _module_preset=&#8221;default&#8221; theme_builder_area=&#8221;post_content&#8221; title_text=&#8221;2&#8243; hover_enabled=&#8221;0&#8243; sticky_enabled=&#8221;0&#8243; align=&#8221;center&#8221;][\/et_pb_image][et_pb_pricing_tables header_background_color=&#8221;#8B00FF&#8221; admin_label=&#8221;Basic&#8221; module_class=&#8221;dle-pt-104&#8243; _builder_version=&#8221;4.27.3&#8243; _module_preset=&#8221;default&#8221; excluded_text_color=&#8221;#707070&#8243; currency_frequency_text_color=&#8221;#000000&#8243; price_text_color=&#8221;#5ebc67&#8243; subheader_text_color=&#8221;#000000&#8243; header_text_color=&#8221;#F5F5F7&#8243; header_font=&#8221;|600|||||||&#8221; header_font_size=&#8221;36px&#8221; subheader_font_size=&#8221;18px&#8221; subheader_letter_spacing=&#8221;1px&#8221; subheader_line_height=&#8221;1.3em&#8221; price_font=&#8221;|700|||||||&#8221; price_font_size=&#8221;60px&#8221; custom_button=&#8221;on&#8221; button_text_color=&#8221;#FFFFFF&#8221; button_bg_color=&#8221;#5ebc67&#8243; button_border_width=&#8221;0px&#8221; button_border_radius=&#8221;50px&#8221; button_letter_spacing=&#8221;1px&#8221; button_font=&#8221;||||||||&#8221; button_use_icon=&#8221;off&#8221; button_custom_margin=&#8221;20px||||false|false&#8221; button_custom_padding=&#8221;10px|40px|10px|40px|true|true&#8221; button_custom_padding_tablet=&#8221;10px|30px|10px|30px|true|true&#8221; button_custom_padding_phone=&#8221;8px||8px||true|true&#8221; button_custom_padding_last_edited=&#8221;on|phone&#8221; text_orientation=&#8221;center&#8221; custom_padding=&#8221;10px|30px|10px|30px|false|true&#8221; custom_padding_tablet=&#8221;10px|30px|10px|30px|false|true&#8221; custom_padding_phone=&#8221;8px|20px|8px|20px|true|true&#8221; custom_padding_last_edited=&#8221;on|phone&#8221; hover_enabled=&#8221;0&#8243; header_font_size_tablet=&#8221;30px&#8221; header_font_size_phone=&#8221;26px&#8221; header_font_size_last_edited=&#8221;on|phone&#8221; price_font_size_tablet=&#8221;50px&#8221; price_font_size_phone=&#8221;40px&#8221; price_font_size_last_edited=&#8221;on|phone&#8221; custom_css_pricing_heading=&#8221;margin-bottom: 10px;||box-shadow: 0 0 18px 2px rgba(0, 0, 0, 0.04);&#8221; custom_css_pricing_subtitle=&#8221;padding-bottom: 10px;&#8221; custom_css_pricing_top=&#8221;border-bottom: 0px;&#8221; border_width_all=&#8221;0px&#8221; locked=&#8221;off&#8221; global_colors_info=&#8221;{}&#8221; button_bg_color__hover_enabled=&#8221;on|desktop&#8221; button_bg_color__hover=&#8221;#000000&#8243; button_bg_enable_color__hover=&#8221;on&#8221; button_text_color__hover_enabled=&#8221;on|hover&#8221; button_text_color__hover=&#8221;#FFFFFF&#8221; theme_builder_area=&#8221;post_content&#8221; background_color=&#8221;#8B00FF&#8221; sticky_enabled=&#8221;0&#8243; show_bullet=&#8221;off&#8221; body_text_color=&#8221;#FFFFFF&#8221; featured_table_text_color=&#8221;#FFFFFF&#8221; body_line_height=&#8221;1em&#8221; featured_table_header_text_color=&#8221;#FFFFFF&#8221; featured_table_header_background_color=&#8221;#FFFFFF&#8221; link_option_url=&#8221;https:\/\/app.twinscience.com\/en\/events\/e337119b-76f3-42d3-bdaa-c9c943377542&#8243;][et_pb_pricing_table subtitle=&#8221;T\u00fcm okulda yeni teknolojileri kullanmak isteyen e\u011fitimciler i\u00e7in&#8221; button_url=&#8221;https:\/\/app.twinscience.com\/tr\/events\/f663c672-d4a0-4d77-a5e8-e72ebdafe668&#8243; button_text=&#8221;Demo Talep Et&#8221; _builder_version=&#8221;4.27.3&#8243; _module_preset=&#8221;default&#8221; background_color=&#8221;rgba(255,255,255,0)&#8221; background_enable_color=&#8221;on&#8221; background_color_gradient_start=&#8221;#ffffff&#8221; background_color_gradient_end=&#8221;rgba(224,43,32,0.2)&#8221; background_enable_image=&#8221;off&#8221; hover_enabled=&#8221;0&#8243; global_colors_info=&#8221;{}&#8221; custom_css_pricing_button_last_edited=&#8221;on|phone&#8221; sticky_transition=&#8221;on&#8221; theme_builder_area=&#8221;post_content&#8221; sticky_enabled=&#8221;0&#8243; url_new_window=&#8221;on&#8221; custom_button=&#8221;on&#8221; button_text_color=&#8221;#000000&#8243; button_bg_color=&#8221;#FFE46B&#8221; button_bg_enable_color=&#8221;on&#8221; button_use_icon=&#8221;off&#8221;]<\/p>\n<p>S\u0131n\u0131rs\u0131z Twin K\u00fct\u00fcphanesi Eri\u015fimi<br \/>S\u0131n\u0131rs\u0131z Yapay Zeka \u0130\u00e7eri\u011fi Olu\u015fturma<br \/>Kapsaml\u0131 \u00d6\u011frenci Raporlar\u0131<br \/>Yapay Zeka Asistan\u0131<br \/>Twin \u00d6\u011fretmen Toplulu\u011fu<br \/>G\u00fcvenlik ve Gizlilik<\/p>\n<p>[\/et_pb_pricing_table][\/et_pb_pricing_tables][\/et_pb_column][\/et_pb_row][\/et_pb_section][et_pb_section fb_built=&#8221;1&#8243; theme_builder_area=&#8221;post_content&#8221; _builder_version=&#8221;4.27.3&#8243; _module_preset=&#8221;default&#8221; custom_padding=&#8221;4px|||||&#8221;][et_pb_row _builder_version=&#8221;4.27.3&#8243; _module_preset=&#8221;default&#8221; theme_builder_area=&#8221;post_content&#8221;][et_pb_column _builder_version=&#8221;4.27.3&#8243; _module_preset=&#8221;default&#8221; type=&#8221;4_4&#8243; theme_builder_area=&#8221;post_content&#8221;][et_pb_image src=&#8221;\/wp-content\/uploads\/2024\/11\/Website-1920-x-1080-px-9-1.png&#8221; _builder_version=&#8221;4.27.3&#8243; _module_preset=&#8221;default&#8221; theme_builder_area=&#8221;post_content&#8221; title_text=&#8221;Fiyatland\u0131rma Tablosu&#8221; hover_enabled=&#8221;0&#8243; sticky_enabled=&#8221;0&#8243; custom_padding=&#8221;||0px|||&#8221; custom_margin=&#8221;||-21px|||&#8221;][\/et_pb_image][et_pb_image src=&#8221;\/wp-content\/uploads\/2024\/11\/Website-1920-x-600-px-1.png&#8221; _builder_version=&#8221;4.27.3&#8243; _module_preset=&#8221;default&#8221; theme_builder_area=&#8221;post_content&#8221; title_text=&#8221;Fiyatland\u0131rma Tablosu G\u00f6rseli&#8221; hover_enabled=&#8221;0&#8243; sticky_enabled=&#8221;0&#8243; alt=&#8221;Fiyatland\u0131rma Tablosu G\u00f6rseli&#8221; url=&#8221;https:\/\/app.twinscience.com\/tr\/events\/f663c672-d4a0-4d77-a5e8-e72ebdafe668&#8243; url_new_window=&#8221;on&#8221;][\/et_pb_image][\/et_pb_column][\/et_pb_row][\/et_pb_section]<\/p>\n","protected":false},"excerpt":{"rendered":"<p>Okulunuza uygun STEM, robotik ve kodlama \u00e7\u00f6z\u00fcmlerine ula\u015fmak i\u00e7in \u00fccretsiz demo talep edin, s\u00fcreci birlikte planlayal\u0131m! <\/p>\n","protected":false},"author":4,"featured_media":73442,"parent":0,"menu_order":0,"comment_status":"closed","ping_status":"closed","template":"","meta":{"_et_pb_use_builder":"on","_et_pb_old_content":"","_et_gb_content_width":"","footnotes":""},"class_list":["post-71375","page","type-page","status-publish","has-post-thumbnail","hentry"],"_links":{"self":[{"href":"https:\/\/www.twinscience.com\/tr\/wp-json\/wp\/v2\/pages\/71375","targetHints":{"allow":["GET"]}}],"collection":[{"href":"https:\/\/www.twinscience.com\/tr\/wp-json\/wp\/v2\/pages"}],"about":[{"href":"https:\/\/www.twinscience.com\/tr\/wp-json\/wp\/v2\/types\/page"}],"author":[{"embeddable":true,"href":"https:\/\/www.twinscience.com\/tr\/wp-json\/wp\/v2\/users\/4"}],"replies":[{"embeddable":true,"href":"https:\/\/www.twinscience.com\/tr\/wp-json\/wp\/v2\/comments?post=71375"}],"version-history":[{"count":11,"href":"https:\/\/www.twinscience.com\/tr\/wp-json\/wp\/v2\/pages\/71375\/revisions"}],"predecessor-version":[{"id":73598,"href":"https:\/\/www.twinscience.com\/tr\/wp-json\/wp\/v2\/pages\/71375\/revisions\/73598"}],"wp:featuredmedia":[{"embeddable":true,"href":"https:\/\/www.twinscience.com\/tr\/wp-json\/wp\/v2\/media\/73442"}],"wp:attachment":[{"href":"https:\/\/www.twinscience.com\/tr\/wp-json\/wp\/v2\/media?parent=71375"}],"curies":[{"name":"wp","href":"https:\/\/api.w.org\/{rel}","templated":true}]}}