{"id":71439,"date":"2024-11-11T13:50:50","date_gmt":"2024-11-11T13:50:50","guid":{"rendered":"https:\/\/www.twinscience.com\/kullanim-kilavuzlari-brosurler\/"},"modified":"2024-11-11T14:06:45","modified_gmt":"2024-11-11T14:06:45","slug":"kullanim-kilavuzlari","status":"publish","type":"page","link":"https:\/\/www.twinscience.com\/tr\/kullanim-kilavuzlari\/","title":{"rendered":"Kullan\u0131m K\u0131lavuzlar\u0131 &amp; Bro\u015f\u00fcrler"},"content":{"rendered":"<p>[et_pb_section fb_built=&#8221;1&#8243; admin_label=&#8221;section&#8221; _builder_version=&#8221;4.16&#8243; global_colors_info=&#8221;{}&#8221; theme_builder_area=&#8221;post_content&#8221;][et_pb_row admin_label=&#8221;row&#8221; _builder_version=&#8221;4.16&#8243; background_size=&#8221;initial&#8221; background_position=&#8221;top_left&#8221; background_repeat=&#8221;repeat&#8221; global_colors_info=&#8221;{}&#8221; theme_builder_area=&#8221;post_content&#8221;][et_pb_column type=&#8221;4_4&#8243; _builder_version=&#8221;4.16&#8243; custom_padding=&#8221;|||&#8221; global_colors_info=&#8221;{}&#8221; custom_padding__hover=&#8221;|||&#8221; theme_builder_area=&#8221;post_content&#8221;][et_pb_text admin_label=&#8221;Text&#8221; _builder_version=&#8221;4.16&#8243; background_size=&#8221;initial&#8221; background_position=&#8221;top_left&#8221; background_repeat=&#8221;repeat&#8221; global_colors_info=&#8221;{}&#8221; theme_builder_area=&#8221;post_content&#8221;]<\/p>\n<h1 style=\"text-align: center;\">Bu sayfa \u015fu anda bak\u0131mdan ge\u00e7mektedir. K\u0131sa s\u00fcre i\u00e7inde tekrar \u00e7al\u0131\u015f\u0131r hale gelecektir. Sabr\u0131n\u0131z i\u00e7in te\u015fekk\u00fcr ederiz!   <\/h1>\n<p>[\/et_pb_text][\/et_pb_column][\/et_pb_row][\/et_pb_section]<\/p>\n","protected":false},"excerpt":{"rendered":"<p>Bu sayfa \u015fu anda bak\u0131mdan ge\u00e7mektedir. K\u0131sa s\u00fcre i\u00e7inde tekrar \u00e7al\u0131\u015f\u0131r hale gelecektir. Sabr\u0131n\u0131z i\u00e7in te\u015fekk\u00fcr ederiz!<\/p>\n","protected":false},"author":4,"featured_media":0,"parent":0,"menu_order":0,"comment_status":"closed","ping_status":"closed","template":"","meta":{"_et_pb_use_builder":"on","_et_pb_old_content":"","_et_gb_content_width":"","footnotes":""},"class_list":["post-71439","page","type-page","status-publish","hentry"],"_links":{"self":[{"href":"https:\/\/www.twinscience.com\/tr\/wp-json\/wp\/v2\/pages\/71439","targetHints":{"allow":["GET"]}}],"collection":[{"href":"https:\/\/www.twinscience.com\/tr\/wp-json\/wp\/v2\/pages"}],"about":[{"href":"https:\/\/www.twinscience.com\/tr\/wp-json\/wp\/v2\/types\/page"}],"author":[{"embeddable":true,"href":"https:\/\/www.twinscience.com\/tr\/wp-json\/wp\/v2\/users\/4"}],"replies":[{"embeddable":true,"href":"https:\/\/www.twinscience.com\/tr\/wp-json\/wp\/v2\/comments?post=71439"}],"version-history":[{"count":0,"href":"https:\/\/www.twinscience.com\/tr\/wp-json\/wp\/v2\/pages\/71439\/revisions"}],"wp:attachment":[{"href":"https:\/\/www.twinscience.com\/tr\/wp-json\/wp\/v2\/media?parent=71439"}],"curies":[{"name":"wp","href":"https:\/\/api.w.org\/{rel}","templated":true}]}}