{"id":71442,"date":"2024-11-11T13:52:09","date_gmt":"2024-11-11T13:52:09","guid":{"rendered":"https:\/\/www.twinscience.com\/iade-politikasi\/"},"modified":"2024-11-12T11:29:54","modified_gmt":"2024-11-12T11:29:54","slug":"iade-politikasi","status":"publish","type":"page","link":"https:\/\/www.twinscience.com\/tr\/iade-politikasi\/","title":{"rendered":"\u0130ade Politikas\u0131"},"content":{"rendered":"<p>[et_pb_section fb_built=&#8221;1&#8243; _builder_version=&#8221;4.27.3&#8243; _module_preset=&#8221;default&#8221; locked=&#8221;off&#8221; global_colors_info=&#8221;{}&#8221;][et_pb_row _builder_version=&#8221;4.27.3&#8243; _module_preset=&#8221;default&#8221; collapsed=&#8221;on&#8221; global_colors_info=&#8221;{}&#8221;][et_pb_column type=&#8221;4_4&#8243; _builder_version=&#8221;4.27.3&#8243; _module_preset=&#8221;default&#8221; global_colors_info=&#8221;{}&#8221;][et_pb_heading title=&#8221;\u0130ADE POL\u0130T\u0130KASI&#8221; _builder_version=&#8221;4.27.3&#8243; _module_preset=&#8221;default&#8221; global_colors_info=&#8221;{}&#8221;][\/et_pb_heading][et_pb_text _builder_version=&#8221;4.27.3&#8243; _module_preset=&#8221;default&#8221; hover_enabled=&#8221;0&#8243; global_colors_info=&#8221;{}&#8221; sticky_enabled=&#8221;0&#8243;]Twin Science \u00fcr\u00fcnlerinden memnun kalaca\u011f\u0131n\u0131za inan\u0131yoruz, bu nedenle <strong>14 g\u00fcn risksiz para iade garantisi<\/strong> sunuyoruz. E\u011fer \u00fcr\u00fcn\u00fcm\u00fczden memnun kalmazsan\u0131z, sat\u0131n alma tarihinden itibaren 14 g\u00fcn i\u00e7inde iade talep edebilirsiniz.[\/et_pb_text][\/et_pb_column][\/et_pb_row][et_pb_row _builder_version=&#8221;4.27.3&#8243; _module_preset=&#8221;default&#8221; collapsed=&#8221;on&#8221; global_colors_info=&#8221;{}&#8221;][et_pb_column type=&#8221;4_4&#8243; _builder_version=&#8221;4.27.3&#8243; _module_preset=&#8221;default&#8221; global_colors_info=&#8221;{}&#8221;][et_pb_heading title=&#8221;1. \u0130ADE KO\u015eULLARI&#8221; _builder_version=&#8221;4.27.3&#8243; _module_preset=&#8221;default&#8221; title_level=&#8221;h2&#8243; global_colors_info=&#8221;{}&#8221;][\/et_pb_heading][dipl_list _builder_version=&#8221;4.27.3&#8243; _module_preset=&#8221;default&#8221; global_colors_info=&#8221;{}&#8221;][dipl_list_item item_name=&#8221;\u0130ade talebinin, sat\u0131n alma tarihinden itibaren 14 g\u00fcn i\u00e7inde yap\u0131lmas\u0131 gerekir.&#8221; icon=&#8221;&#x5e;||divi||400&#8243; _builder_version=&#8221;4.27.3&#8243; _module_preset=&#8221;default&#8221; global_colors_info=&#8221;{}&#8221;][\/dipl_list_item][dipl_list_item item_name=&#8221;Fiziksel \u00fcr\u00fcnlerin orijinal ambalaj\u0131nda ve kullan\u0131lmam\u0131\u015f durumda olmas\u0131 gerekir.&#8221; icon=&#8221;&#x5e;||divi||400&#8243; _builder_version=&#8221;4.27.3&#8243; _module_preset=&#8221;default&#8221; global_colors_info=&#8221;{}&#8221;][\/dipl_list_item][dipl_list_item item_name=&#8221;Dijital i\u00e7erikler veya uygulama abonelikleri, yaln\u0131zca kullan\u0131lmam\u0131\u015f veya etkinle\u015ftirilmemi\u015f ise iade edilebilir.&#8221; icon=&#8221;&#x5e;||divi||400&#8243; _builder_version=&#8221;4.27.3&#8243; _module_preset=&#8221;default&#8221; global_colors_info=&#8221;{}&#8221;][\/dipl_list_item][\/dipl_list][\/et_pb_column][\/et_pb_row][et_pb_row _builder_version=&#8221;4.27.3&#8243; _module_preset=&#8221;default&#8221; collapsed=&#8221;on&#8221; global_colors_info=&#8221;{}&#8221;][et_pb_column type=&#8221;4_4&#8243; _builder_version=&#8221;4.27.3&#8243; _module_preset=&#8221;default&#8221; global_colors_info=&#8221;{}&#8221;][et_pb_heading title=&#8221;2. \u0130ADE S\u00dcREC\u0130&#8221; _builder_version=&#8221;4.27.3&#8243; _module_preset=&#8221;default&#8221; title_level=&#8221;h2&#8243; global_colors_info=&#8221;{}&#8221;][\/et_pb_heading][et_pb_text _builder_version=&#8221;4.27.3&#8243; _module_preset=&#8221;default&#8221; global_colors_info=&#8221;{}&#8221;]\u0130ade talebinizi ba\u015flatmak i\u00e7in <a href=\"mailto:hello@twinscience.com\" target=\"_blank\" rel=\"noopener\">hello@twinscience.com<\/a> adresine e-posta g\u00f6ndererek sipari\u015f numaran\u0131z\u0131 ve iade talebinizin nedenini payla\u015fabilirsiniz. Onaylanmas\u0131 halinde, \u00f6deme y\u00f6nteminize iade i\u015flemi ger\u00e7ekle\u015ftirilir ve genellikle 5-10 i\u015f g\u00fcn\u00fc i\u00e7inde hesab\u0131n\u0131za yans\u0131r.[\/et_pb_text][\/et_pb_column][\/et_pb_row][et_pb_row _builder_version=&#8221;4.27.3&#8243; _module_preset=&#8221;default&#8221; collapsed=&#8221;on&#8221; global_colors_info=&#8221;{}&#8221;][et_pb_column type=&#8221;4_4&#8243; _builder_version=&#8221;4.27.3&#8243; _module_preset=&#8221;default&#8221; global_colors_info=&#8221;{}&#8221;][et_pb_heading title=&#8221;3. \u0130ST\u0130SNALAR&#8221; _builder_version=&#8221;4.27.3&#8243; _module_preset=&#8221;default&#8221; title_level=&#8221;h2&#8243; global_colors_info=&#8221;{}&#8221;][\/et_pb_heading][et_pb_text _builder_version=&#8221;4.27.3&#8243; _module_preset=&#8221;default&#8221; global_colors_info=&#8221;{}&#8221;]A\u015fa\u011f\u0131daki durumlarda iade yap\u0131lamaz:[\/et_pb_text][dipl_list _builder_version=&#8221;4.27.3&#8243; _module_preset=&#8221;default&#8221; global_colors_info=&#8221;{}&#8221;][dipl_list_item item_name=&#8221;Sat\u0131n alma tarihinden 14 g\u00fcn\u00fc ge\u00e7en talepler,&#8221; icon=&#8221;&#x5e;||divi||400&#8243; _builder_version=&#8221;4.27.3&#8243; _module_preset=&#8221;default&#8221; global_colors_info=&#8221;{}&#8221;][\/dipl_list_item][dipl_list_item item_name=&#8221;Fiziksel \u00fcr\u00fcnlerde kullan\u0131m veya hasar izleri,&#8221; icon=&#8221;&#x5e;||divi||400&#8243; _builder_version=&#8221;4.27.3&#8243; _module_preset=&#8221;default&#8221; global_colors_info=&#8221;{}&#8221;][\/dipl_list_item][dipl_list_item item_name=&#8221;Dijital i\u00e7eriklerin aktif olarak kullan\u0131lmas\u0131.&#8221; icon=&#8221;&#x5e;||divi||400&#8243; _builder_version=&#8221;4.27.3&#8243; _module_preset=&#8221;default&#8221; global_colors_info=&#8221;{}&#8221;][\/dipl_list_item][\/dipl_list][et_pb_text _builder_version=&#8221;4.27.3&#8243; _module_preset=&#8221;default&#8221; global_colors_info=&#8221;{}&#8221;]Herhangi bir sorunuz varsa <a href=\"mailto:hello@twinscience.com\" target=\"_blank\" rel=\"noopener\">hello@twinscience.com<\/a> adresinden bizimle ileti\u015fime ge\u00e7ebilirsiniz.[\/et_pb_text][et_pb_code _builder_version=&#8221;4.27.3&#8243; _module_preset=&#8221;default&#8221; global_colors_info=&#8221;{}&#8221;]<\/p>\n<style><!-- [et_pb_line_break_holder] -->  .dipl_list_item .dipl-list-item-wrap {<!-- [et_pb_line_break_holder] -->    white-space: normal !important;<!-- [et_pb_line_break_holder] -->    display: flex;<!-- [et_pb_line_break_holder] -->  }<!-- [et_pb_line_break_holder] --><!-- [et_pb_line_break_holder] -->  .dipl_list_layout .dipl_list-item_text {<!-- [et_pb_line_break_holder] -->    display: block !important;<!-- [et_pb_line_break_holder] -->  }<!-- [et_pb_line_break_holder] --><\/style>\n<p>[\/et_pb_code][\/et_pb_column][\/et_pb_row][\/et_pb_section]<\/p>\n","protected":false},"excerpt":{"rendered":"<p>Twin Science \u00fcr\u00fcnlerinden memnun kalaca\u011f\u0131n\u0131za inan\u0131yoruz, bu nedenle 14 g\u00fcn risksiz para iade garantisi sunuyoruz. E\u011fer \u00fcr\u00fcn\u00fcm\u00fczden memnun kalmazsan\u0131z, sat\u0131n alma tarihinden itibaren 14 g\u00fcn i\u00e7inde iade talep edebilirsiniz.<div class=\"et_pb_module dipl_list dipl_list_0\">\n\t\t\t\t\n\t\t\t\t\n\t\t\t\t\n\t\t\t\t\n\t\t\t\t\n\t\t\t\t\n\t\t\t\t<div class=\"et_pb_module_inner\">\n\t\t\t\t\t<div class=\"dipl_list_wrapper\"><div class=\"dipl_list_layout dipl_list_default\"><\/div><\/div>\n\t\t\t<script>jQuery( document ).ready( function($) { $(\".dipl_list_0\").find(\"p:empty\").remove(); } );<\/script>\n\t\t\t\t<\/div>\n\t\t\t<\/div><div class=\"et_pb_module dipl_list_item dipl_list_item_0\">\n\t\t\t\t\n\t\t\t\t\n\t\t\t\t\n\t\t\t\t\n\t\t\t\t\n\t\t\t\t\n\t\t\t\t<div class=\"et_pb_module_inner\">\n\t\t\t\t\t<div class=\"dipl-list-item-wrap\"><div class=\"dipl_list-icon use_icon use_square\"><span class=\"et-pb-icon\">^<\/span><\/div><div class=\"dipl_list-item_text\">\u0130ade talebinin, sat\u0131n alma tarihinden itibaren 14 g\u00fcn i\u00e7inde yap\u0131lmas\u0131 gerekir.<\/div><div class=\"dipl_list-divider\"><\/div><\/div>\n\t\t\t\t<\/div>\n\t\t\t<\/div><div class=\"et_pb_module dipl_list_item dipl_list_item_1\">\n\t\t\t\t\n\t\t\t\t\n\t\t\t\t\n\t\t\t\t\n\t\t\t\t\n\t\t\t\t\n\t\t\t\t<div class=\"et_pb_module_inner\">\n\t\t\t\t\t<div class=\"dipl-list-item-wrap\"><div class=\"dipl_list-icon use_icon use_square\"><span class=\"et-pb-icon\">N<\/span><\/div><div class=\"dipl_list-item_text\">&#8221;Fiziksel<\/div><div class=\"dipl_list-divider\"><\/div><\/div>\n\t\t\t\t<\/div>\n\t\t\t<\/div><\/p>\n","protected":false},"author":1,"featured_media":0,"parent":0,"menu_order":0,"comment_status":"closed","ping_status":"closed","template":"","meta":{"_et_pb_use_builder":"on","_et_pb_old_content":"","_et_gb_content_width":"","footnotes":""},"class_list":["post-71442","page","type-page","status-publish","hentry"],"_links":{"self":[{"href":"https:\/\/www.twinscience.com\/tr\/wp-json\/wp\/v2\/pages\/71442","targetHints":{"allow":["GET"]}}],"collection":[{"href":"https:\/\/www.twinscience.com\/tr\/wp-json\/wp\/v2\/pages"}],"about":[{"href":"https:\/\/www.twinscience.com\/tr\/wp-json\/wp\/v2\/types\/page"}],"author":[{"embeddable":true,"href":"https:\/\/www.twinscience.com\/tr\/wp-json\/wp\/v2\/users\/1"}],"replies":[{"embeddable":true,"href":"https:\/\/www.twinscience.com\/tr\/wp-json\/wp\/v2\/comments?post=71442"}],"version-history":[{"count":0,"href":"https:\/\/www.twinscience.com\/tr\/wp-json\/wp\/v2\/pages\/71442\/revisions"}],"wp:attachment":[{"href":"https:\/\/www.twinscience.com\/tr\/wp-json\/wp\/v2\/media?parent=71442"}],"curies":[{"name":"wp","href":"https:\/\/api.w.org\/{rel}","templated":true}]}}